{"id":6987,"date":"2025-10-24T08:21:18","date_gmt":"2025-10-24T08:21:18","guid":{"rendered":"https:\/\/leavibe.com\/?post_type=product&#038;p=6987"},"modified":"2025-10-24T08:22:14","modified_gmt":"2025-10-24T08:22:14","slug":"handmade-leather-strawberry-crossbody-bag-cute-fruit-shaped-purse-with-beaded-chain-strap-convertible-handheld-shoulder-bag","status":"publish","type":"product","link":"https:\/\/leavibe.com\/es\/producto\/handmade-leather-strawberry-crossbody-bag-cute-fruit-shaped-purse-with-beaded-chain-strap-convertible-handheld-shoulder-bag\/","title":{"rendered":"Bolso de cuero hecho a mano con forma de fresa - Fruta linda - Monedero con correa de cadena de cuentas, Bolso de mano y hombro convertible"},"content":{"rendered":"<p>Eleva tu estilo con este adorable bolso de piel de fresa hecho a mano, elaborado con aut\u00e9ntica piel de vacuno de primera calidad.<br \/>\nVentaja del material La aut\u00e9ntica piel de vacuno ofrece una durabilidad excepcional, un tacto lujosamente suave y una rica textura natural que envejece de maravilla. Con el paso del tiempo, adquiere una p\u00e1tina \u00fanica que hace que cada bolso sea realmente \u00fanico y lo convierte en un accesorio apreciado durante a\u00f1os.<br \/>\nAspectos destacados del dise\u00f1o - **Encantadora forma de fresa**: Con un v\u00edvido dise\u00f1o de fresa con cuero acolchado rojo y detalles de hojas verdes, esta bolsa a\u00f1ade un toque juguet\u00f3n y caprichoso a cualquier atuendo. - Opciones de transporte convertibles: Equipado con una correa de hombro de cuero desmontable y una correa de cadena de cuentas hecha a mano, se puede usar como una bolsa crossbody o llevar en la mano para un estilo vers\u00e1til. - Detalles exquisitos Las cremalleras doradas proporcionan un cierre seguro, mientras que un peque\u00f1o colgante de fresa realza su bonita est\u00e9tica. Los meticulosos pespuntes a mano son una muestra de artesan\u00eda fina. Usos del producto Esta bolsa es perfecta para: - Organizar los objetos de uso diario, como el tel\u00e9fono, la cartera, las llaves y los cosm\u00e9ticos peque\u00f1os. - A\u00f1adir un divertido toque de color a los conjuntos para salidas informales, citas, compras u ocasiones especiales. - Mantener las pertenencias ordenadas y f\u00e1cilmente accesibles mientras te desplazas.<br \/>\nP\u00fablico adecuado - Ideal para mujeres y ni\u00f1as a las que les encantan los accesorios bonitos con tem\u00e1tica frutal y aprecian los art\u00edculos de cuero hechos a mano. - Perfecto para cualquiera que busque un bolso distintivo y elegante que destaque de lo com\u00fan. - Un regalo bien pensado para amigos o familiares a los que les gusten las piezas de moda divertidas y sofisticadas. <div style=\"width: 400px;\" class=\"wp-video\"><!--[if lt IE 9]><script>document.createElement('video');<\/script><![endif]-->\n<video class=\"wp-video-shortcode\" id=\"video-6987-1\" width=\"400\" height=\"700\" preload=\"metadata\" controls=\"controls\"><source type=\"video\/mp4\" src=\"https:\/\/leavibe.com\/wp-content\/uploads\/2025\/10\/video.mp4?_=1\" \/><a href=\"https:\/\/leavibe.com\/wp-content\/uploads\/2025\/10\/video.mp4\">https:\/\/leavibe.com\/wp-content\/uploads\/2025\/10\/video.mp4<\/a><\/video><\/div><\/p>","protected":false},"excerpt":{"rendered":"<p>Elevate your style with this adorable handmade leather strawberry bag, crafted from premium genuine cowhide leather. Material Advantage Genuine cowhide leather boasts exceptional durability, a luxuriously soft touch, and a rich natural texture that ages beautifully. Over time, it develops a unique patina, making each bag truly one &#8211; of &#8211; a &#8211; kind and [&hellip;]<\/p>","protected":false},"featured_media":6997,"comment_status":"open","ping_status":"closed","template":"","meta":[],"product_brand":[],"product_cat":[75,106],"product_tag":[],"class_list":{"0":"post-6987","1":"product","2":"type-product","3":"status-publish","4":"has-post-thumbnail","6":"product_cat-bags","7":"product_cat-strawberry-bag","9":"first","10":"instock","11":"shipping-taxable","12":"purchasable","13":"product-type-simple"},"jetpack_sharing_enabled":true,"_links":{"self":[{"href":"https:\/\/leavibe.com\/es\/wp-json\/wp\/v2\/product\/6987","targetHints":{"allow":["GET"]}}],"collection":[{"href":"https:\/\/leavibe.com\/es\/wp-json\/wp\/v2\/product"}],"about":[{"href":"https:\/\/leavibe.com\/es\/wp-json\/wp\/v2\/types\/product"}],"replies":[{"embeddable":true,"href":"https:\/\/leavibe.com\/es\/wp-json\/wp\/v2\/comments?post=6987"}],"version-history":[{"count":1,"href":"https:\/\/leavibe.com\/es\/wp-json\/wp\/v2\/product\/6987\/revisions"}],"predecessor-version":[{"id":6999,"href":"https:\/\/leavibe.com\/es\/wp-json\/wp\/v2\/product\/6987\/revisions\/6999"}],"wp:featuredmedia":[{"embeddable":true,"href":"https:\/\/leavibe.com\/es\/wp-json\/wp\/v2\/media\/6997"}],"wp:attachment":[{"href":"https:\/\/leavibe.com\/es\/wp-json\/wp\/v2\/media?parent=6987"}],"wp:term":[{"taxonomy":"product_brand","embeddable":true,"href":"https:\/\/leavibe.com\/es\/wp-json\/wp\/v2\/product_brand?post=6987"},{"taxonomy":"product_cat","embeddable":true,"href":"https:\/\/leavibe.com\/es\/wp-json\/wp\/v2\/product_cat?post=6987"},{"taxonomy":"product_tag","embeddable":true,"href":"https:\/\/leavibe.com\/es\/wp-json\/wp\/v2\/product_tag?post=6987"}],"curies":[{"name":"wp","href":"https:\/\/api.w.org\/{rel}","templated":true}]}}